{"id":386,"date":"2025-06-15T11:56:28","date_gmt":"2025-06-15T11:56:28","guid":{"rendered":"https:\/\/manidad.ch\/?page_id=386"},"modified":"2025-06-18T15:37:19","modified_gmt":"2025-06-18T13:37:19","slug":"arbeiten-sie-mit-uns","status":"publish","type":"page","link":"https:\/\/manidad.ch\/en\/arbeiten-sie-mit-uns\/","title":{"rendered":"Arbeiten Sie mit uns"},"content":{"rendered":"<div data-elementor-type=\"wp-page\" data-elementor-id=\"386\" class=\"elementor elementor-386\">\n\t\t\t\t\t\t<section class=\"elementor-section elementor-top-section elementor-element elementor-element-704afd7 elementor-section-full_width elementor-section-height-min-height elementor-section-items-top animated-slow elementor-section-height-default elementor-invisible\" data-id=\"704afd7\" data-element_type=\"section\" data-settings=\"{&quot;animation&quot;:&quot;fadeIn&quot;,&quot;animation_delay&quot;:1000}\">\n\t\t\t\t\t\t<div class=\"elementor-container elementor-column-gap-wider\">\n\t\t\t\t\t<div class=\"elementor-column elementor-col-33 elementor-top-column elementor-element elementor-element-739414e\" data-id=\"739414e\" data-element_type=\"column\">\n\t\t\t<div class=\"elementor-widget-wrap elementor-element-populated\">\n\t\t\t\t\t\t<div class=\"elementor-element elementor-element-ef1c67d elementor-widget elementor-widget-heading\" data-id=\"ef1c67d\" data-element_type=\"widget\" data-widget_type=\"heading.default\">\n\t\t\t\t<div class=\"elementor-widget-container\">\n\t\t\t\t\t<h3 class=\"elementor-heading-title elementor-size-default\">Arbeiten Sie mit uns<\/h3>\t\t\t\t<\/div>\n\t\t\t\t<\/div>\n\t\t\t\t\t<\/div>\n\t\t<\/div>\n\t\t\t\t<div class=\"elementor-column elementor-col-66 elementor-top-column elementor-element elementor-element-4b7c3fa\" data-id=\"4b7c3fa\" data-element_type=\"column\">\n\t\t\t<div class=\"elementor-widget-wrap elementor-element-populated\">\n\t\t\t\t\t\t<div class=\"elementor-element elementor-element-a8a92a1 elementor-widget elementor-widget-text-editor\" data-id=\"a8a92a1\" data-element_type=\"widget\" data-widget_type=\"text-editor.default\">\n\t\t\t\t<div class=\"elementor-widget-container\">\n\t\t\t\t\t\t\t\t\t<p><span style=\"font-weight: 400;\">Sie haben gute Kenntnisse im Markt der Naturheilkunde. Sie sind geschult in Ern\u00e4hrungsberatung und Ern\u00e4hrungsmedizin und interessieren sich f\u00fcr mentale Gesundheit. Sie sind reisefreudig, selbstst\u00e4ndig und halten gerne Vortr\u00e4ge. Sie k\u00f6nnen sich vorstellen, Therapeuten und \u00c4rzte in der DACH-Region zu schulen.<\/span><\/p><p><span style=\"font-weight: 400;\">Und vor allem: Sie wollen Menschen helfen, ihre eigene Gesundheit zu organisieren.<\/span><\/p><p><span style=\"font-weight: 400;\">Dann sind Sie bei uns richtig.<\/span><\/p><p><span style=\"font-weight: 400;\">Mit unserer besonderen indigenen Formel JANISER<\/span><span style=\"font-weight: 400;\">\u00ae<\/span><span style=\"font-weight: 400;\"> Formula Micr\u00f3biota zur F\u00f6rderung der mentalen und k\u00f6rperlichen Energie sind wir seit 2023 am Markt.<\/span><\/p><p><span style=\"font-weight: 400;\">Hier lesen Sie, was unsere Kunden schreiben:<\/span><span style=\"font-weight: 400;\"><br \/><\/span><a href=\"http:\/\/janiser.net\/erfahrungsberichte\"><span style=\"font-weight: 400;\">janiser.net\/erfahrungsberichte<\/span><\/a><\/p><p><span style=\"font-weight: 400;\">Unser Angebot gilt ab sofort: Sie erhalten einen Vertrag als Marketingberater und Vortragscoach f\u00fcr zwei Unternehmen. Voraussetzung: Deutsch und Englisch B2, eigenes Kfz. Sie arbeiten aus dem Home Office.<\/span><\/p><p>\u00a0<\/p><p><span style=\"font-weight: 400;\">Wir bitten Sie freundlich um ein Curriculum Vitae (PDF per E-Mail).<\/span><span style=\"font-weight: 400;\"><br \/><\/span><span style=\"font-weight: 400;\">Bitte wenden Sie sich direkt und vertraulich an:<\/span><\/p><p><span style=\"font-weight: 400;\">Henryk Egetemayer<\/span><span style=\"font-weight: 400;\"><br \/><\/span><span style=\"font-weight: 400;\">Pr\u00e4sident Verwaltungsrat Manidad AG<\/span><\/p><p><span style=\"font-weight: 400;\">E-Mail: he@manidad.com<br \/>Tel: 0049 (0)172 8116830<\/span><\/p><p><span style=\"font-weight: 400;\">Wir freuen uns auf Ihre Bewerbung.<\/span><\/p>\t\t\t\t\t\t\t\t<\/div>\n\t\t\t\t<\/div>\n\t\t\t\t\t<\/div>\n\t\t<\/div>\n\t\t\t\t\t<\/div>\n\t\t<\/section>\n\t\t\t\t<\/div>","protected":false},"excerpt":{"rendered":"<p>Arbeiten Sie mit uns Sie haben gute Kenntnisse im Markt der Naturheilkunde. Sie sind geschult in Ern\u00e4hrungsberatung und Ern\u00e4hrungsmedizin und [&hellip;]<\/p>","protected":false},"author":1,"featured_media":0,"parent":0,"menu_order":0,"comment_status":"closed","ping_status":"closed","template":"","meta":{"site-sidebar-layout":"default","site-content-layout":"","ast-site-content-layout":"default","site-content-style":"default","site-sidebar-style":"default","ast-global-header-display":"","ast-banner-title-visibility":"","ast-main-header-display":"","ast-hfb-above-header-display":"","ast-hfb-below-header-display":"","ast-hfb-mobile-header-display":"","site-post-title":"","ast-breadcrumbs-content":"","ast-featured-img":"","footer-sml-layout":"","theme-transparent-header-meta":"","adv-header-id-meta":"","stick-header-meta":"","header-above-stick-meta":"","header-main-stick-meta":"","header-below-stick-meta":"","astra-migrate-meta-layouts":"default","ast-page-background-enabled":"default","ast-page-background-meta":{"desktop":{"background-color":"var(--ast-global-color-5)","background-image":"","background-repeat":"repeat","background-position":"center center","background-size":"auto","background-attachment":"scroll","background-type":"","background-media":"","overlay-type":"","overlay-color":"","overlay-opacity":"","overlay-gradient":""},"tablet":{"background-color":"","background-image":"","background-repeat":"repeat","background-position":"center center","background-size":"auto","background-attachment":"scroll","background-type":"","background-media":"","overlay-type":"","overlay-color":"","overlay-opacity":"","overlay-gradient":""},"mobile":{"background-color":"","background-image":"","background-repeat":"repeat","background-position":"center center","background-size":"auto","background-attachment":"scroll","background-type":"","background-media":"","overlay-type":"","overlay-color":"","overlay-opacity":"","overlay-gradient":""}},"ast-content-background-meta":{"desktop":{"background-color":"var(--ast-global-color-4)","background-image":"","background-repeat":"repeat","background-position":"center center","background-size":"auto","background-attachment":"scroll","background-type":"","background-media":"","overlay-type":"","overlay-color":"","overlay-opacity":"","overlay-gradient":""},"tablet":{"background-color":"var(--ast-global-color-4)","background-image":"","background-repeat":"repeat","background-position":"center center","background-size":"auto","background-attachment":"scroll","background-type":"","background-media":"","overlay-type":"","overlay-color":"","overlay-opacity":"","overlay-gradient":""},"mobile":{"background-color":"var(--ast-global-color-4)","background-image":"","background-repeat":"repeat","background-position":"center center","background-size":"auto","background-attachment":"scroll","background-type":"","background-media":"","overlay-type":"","overlay-color":"","overlay-opacity":"","overlay-gradient":""}},"footnotes":""},"class_list":["post-386","page","type-page","status-publish","hentry"],"_links":{"self":[{"href":"https:\/\/manidad.ch\/en\/wp-json\/wp\/v2\/pages\/386","targetHints":{"allow":["GET"]}}],"collection":[{"href":"https:\/\/manidad.ch\/en\/wp-json\/wp\/v2\/pages"}],"about":[{"href":"https:\/\/manidad.ch\/en\/wp-json\/wp\/v2\/types\/page"}],"author":[{"embeddable":true,"href":"https:\/\/manidad.ch\/en\/wp-json\/wp\/v2\/users\/1"}],"replies":[{"embeddable":true,"href":"https:\/\/manidad.ch\/en\/wp-json\/wp\/v2\/comments?post=386"}],"version-history":[{"count":38,"href":"https:\/\/manidad.ch\/en\/wp-json\/wp\/v2\/pages\/386\/revisions"}],"predecessor-version":[{"id":511,"href":"https:\/\/manidad.ch\/en\/wp-json\/wp\/v2\/pages\/386\/revisions\/511"}],"wp:attachment":[{"href":"https:\/\/manidad.ch\/en\/wp-json\/wp\/v2\/media?parent=386"}],"curies":[{"name":"wp","href":"https:\/\/api.w.org\/{rel}","templated":true}]}}